{"id":164,"date":"2026-03-30T23:26:12","date_gmt":"2026-03-30T23:26:12","guid":{"rendered":"https:\/\/skluxury.ma\/portfolio\/"},"modified":"2026-03-30T23:33:14","modified_gmt":"2026-03-30T23:33:14","slug":"portfolio","status":"publish","type":"page","link":"https:\/\/skluxury.ma\/en\/portfolio\/","title":{"rendered":"Portfolio"},"content":{"rendered":"<div class=\"wp-block-group alignfull is-style-ext-preset--group--natural-1--section has-background-background-color has-background has-global-padding is-layout-constrained wp-block-group-is-layout-constrained\" id=\"a-propos\" style=\"margin-top:0;margin-bottom:0;padding-top:var(--wp--preset--spacing--70);padding-bottom:var(--wp--preset--spacing--70)\">\n<div class=\"wp-block-columns alignwide are-vertically-aligned-center is-layout-flex wp-container-core-columns-is-layout-174606dc wp-block-columns-is-layout-flex\">\n<div class=\"wp-block-column is-vertically-aligned-center is-layout-flow wp-block-column-is-layout-flow\">\n<figure class=\"wp-block-image is-style-ext-preset--image--natural-1--image-1--content-right ext-animate--on is-style-ext-preset--image--natural-1--image-1--content-right--2\"><img loading=\"lazy\" decoding=\"async\" width=\"1440\" height=\"785\" class=\"wp-image-185\" src=\"https:\/\/skluxury.ma\/wp-content\/uploads\/2026\/03\/2c843f53f3d50942bffbd76cca7a5c69d956195a.jpg\" alt=\"\" style=\"aspect-ratio:1;object-fit:cover\" srcset=\"https:\/\/skluxury.ma\/wp-content\/uploads\/2026\/03\/2c843f53f3d50942bffbd76cca7a5c69d956195a.jpg 1440w, https:\/\/skluxury.ma\/wp-content\/uploads\/2026\/03\/2c843f53f3d50942bffbd76cca7a5c69d956195a-300x164.jpg 300w, https:\/\/skluxury.ma\/wp-content\/uploads\/2026\/03\/2c843f53f3d50942bffbd76cca7a5c69d956195a-1024x558.jpg 1024w, https:\/\/skluxury.ma\/wp-content\/uploads\/2026\/03\/2c843f53f3d50942bffbd76cca7a5c69d956195a-768x419.jpg 768w, https:\/\/skluxury.ma\/wp-content\/uploads\/2026\/03\/2c843f53f3d50942bffbd76cca7a5c69d956195a-18x10.jpg 18w\" sizes=\"auto, (max-width: 1440px) 100vw, 1440px\" \/><\/figure>\n<\/div>\n\n\n\n<div class=\"wp-block-column is-vertically-aligned-center is-layout-flow wp-block-column-is-layout-flow\">\n<h2 class=\"wp-block-heading ext-animate--on\">Cr\u00e9ations int\u00e9rieures somptueuses inspir\u00e9es par Studio 54.<\/h2>\n\n\n\n<p class=\"ext-animate--on\" style=\"margin-top:1.5rem\">D\u00e9couvrez l&rsquo;essence de SK Luxury : fusionner \u00e9l\u00e9gance intemporelle et audace pour concevoir des espaces uniques empreints de prestige.<\/p>\n<\/div>\n<\/div>\n<\/div>\n\n<div class=\"wp-block-group alignfull is-style-ext-preset--group--natural-1--section has-tertiary-background-color has-background has-global-padding is-layout-constrained wp-container-core-group-is-layout-f72f1611 wp-block-group-is-layout-constrained\" id=\"galerie\" style=\"margin-top:0;margin-bottom:0;padding-top:var(--wp--preset--spacing--70);padding-bottom:var(--wp--preset--spacing--70)\">\n<div class=\"wp-block-group alignwide ext-is-logical-start has-global-padding is-content-justification-left is-layout-constrained wp-container-core-group-is-layout-6729bdbe wp-block-group-is-layout-constrained\">\n<h2 class=\"wp-block-heading ext-animate--on\">D\u00e9couvrez l&rsquo;\u00e9l\u00e9gance ultime de votre int\u00e9rieur.<\/h2>\n\n\n\n<p class=\"has-text-align-left ext-animate--on\">Explorez notre galerie exclusive illustrant le raffinement et le luxe de chaque projet.<\/p>\n<\/div>\n\n\n\n<div class=\"wp-block-columns alignwide is-layout-flex wp-container-core-columns-is-layout-87beb0d0 wp-block-columns-is-layout-flex\">\n<div class=\"wp-block-column is-vertically-aligned-stretch ext-animate--on is-layout-flow wp-container-core-column-is-layout-f5bb311e wp-block-column-is-layout-flow\" style=\"flex-basis:50%\">\n<div class=\"wp-block-cover is-style-ext-preset--image--natural-1--image-1--content-top is-style-ext-preset--image--natural-1--image-1--content-top--4\" style=\"padding-top:0;padding-bottom:0;min-height:100%;aspect-ratio:unset;\"><img loading=\"lazy\" decoding=\"async\" width=\"1280\" height=\"720\" class=\"wp-block-cover__image-background wp-image-186\" alt=\"\" src=\"https:\/\/skluxury.ma\/wp-content\/uploads\/2026\/03\/380ebdfbbab432731c2ec5445fdd2dbb5cc9540a.jpg\" data-object-fit=\"cover\" srcset=\"https:\/\/skluxury.ma\/wp-content\/uploads\/2026\/03\/380ebdfbbab432731c2ec5445fdd2dbb5cc9540a.jpg 1280w, https:\/\/skluxury.ma\/wp-content\/uploads\/2026\/03\/380ebdfbbab432731c2ec5445fdd2dbb5cc9540a-300x169.jpg 300w, https:\/\/skluxury.ma\/wp-content\/uploads\/2026\/03\/380ebdfbbab432731c2ec5445fdd2dbb5cc9540a-1024x576.jpg 1024w, https:\/\/skluxury.ma\/wp-content\/uploads\/2026\/03\/380ebdfbbab432731c2ec5445fdd2dbb5cc9540a-768x432.jpg 768w, https:\/\/skluxury.ma\/wp-content\/uploads\/2026\/03\/380ebdfbbab432731c2ec5445fdd2dbb5cc9540a-18x10.jpg 18w\" sizes=\"auto, (max-width: 1280px) 100vw, 1280px\" \/><span aria-hidden=\"true\" class=\"wp-block-cover__background has-background-dim-0 has-background-dim\"><\/span><div class=\"wp-block-cover__inner-container is-layout-flow wp-block-cover-is-layout-flow\">\n<div style=\"height:240px\" aria-hidden=\"true\" class=\"wp-block-spacer\"><\/div>\n<\/div><\/div>\n<\/div>\n\n\n\n<div class=\"wp-block-column is-vertically-aligned-top ext-animate--on is-layout-flow wp-container-core-column-is-layout-f5bb311e wp-block-column-is-layout-flow\">\n<figure class=\"wp-block-image is-style-ext-preset--image--natural-1--image-1--content-top is-style-ext-preset--image--natural-1--image-1--content-top--5\"><img loading=\"lazy\" decoding=\"async\" width=\"1440\" height=\"785\" class=\"wp-image-185\" src=\"https:\/\/skluxury.ma\/wp-content\/uploads\/2026\/03\/2c843f53f3d50942bffbd76cca7a5c69d956195a.jpg\" alt=\"\" style=\"aspect-ratio:1;object-fit:cover\" srcset=\"https:\/\/skluxury.ma\/wp-content\/uploads\/2026\/03\/2c843f53f3d50942bffbd76cca7a5c69d956195a.jpg 1440w, https:\/\/skluxury.ma\/wp-content\/uploads\/2026\/03\/2c843f53f3d50942bffbd76cca7a5c69d956195a-300x164.jpg 300w, https:\/\/skluxury.ma\/wp-content\/uploads\/2026\/03\/2c843f53f3d50942bffbd76cca7a5c69d956195a-1024x558.jpg 1024w, https:\/\/skluxury.ma\/wp-content\/uploads\/2026\/03\/2c843f53f3d50942bffbd76cca7a5c69d956195a-768x419.jpg 768w, https:\/\/skluxury.ma\/wp-content\/uploads\/2026\/03\/2c843f53f3d50942bffbd76cca7a5c69d956195a-18x10.jpg 18w\" sizes=\"auto, (max-width: 1440px) 100vw, 1440px\" \/><\/figure>\n\n\n\n<figure class=\"wp-block-image is-style-ext-preset--image--natural-1--image-1--content-top is-style-ext-preset--image--natural-1--image-1--content-top--6\"><img loading=\"lazy\" decoding=\"async\" width=\"1440\" height=\"960\" class=\"wp-image-187\" src=\"https:\/\/skluxury.ma\/wp-content\/uploads\/2026\/03\/3e7851b7a509edadc7237f083fef8d920633e80b.jpg\" alt=\"\" style=\"aspect-ratio:1;object-fit:cover\" srcset=\"https:\/\/skluxury.ma\/wp-content\/uploads\/2026\/03\/3e7851b7a509edadc7237f083fef8d920633e80b.jpg 1440w, https:\/\/skluxury.ma\/wp-content\/uploads\/2026\/03\/3e7851b7a509edadc7237f083fef8d920633e80b-300x200.jpg 300w, https:\/\/skluxury.ma\/wp-content\/uploads\/2026\/03\/3e7851b7a509edadc7237f083fef8d920633e80b-1024x683.jpg 1024w, https:\/\/skluxury.ma\/wp-content\/uploads\/2026\/03\/3e7851b7a509edadc7237f083fef8d920633e80b-768x512.jpg 768w, https:\/\/skluxury.ma\/wp-content\/uploads\/2026\/03\/3e7851b7a509edadc7237f083fef8d920633e80b-18x12.jpg 18w\" sizes=\"auto, (max-width: 1440px) 100vw, 1440px\" \/><\/figure>\n<\/div>\n\n\n\n<div class=\"wp-block-column is-vertically-aligned-top ext-animate--on is-layout-flow wp-container-core-column-is-layout-f5bb311e wp-block-column-is-layout-flow\">\n<figure class=\"wp-block-image is-style-ext-preset--image--natural-1--image-1--content-top is-style-ext-preset--image--natural-1--image-1--content-top--7\"><img loading=\"lazy\" decoding=\"async\" width=\"810\" height=\"1440\" class=\"wp-image-188\" src=\"https:\/\/skluxury.ma\/wp-content\/uploads\/2026\/03\/06429639ba1dad2d45070c41b508a6b703c27b40.jpg\" alt=\"\" style=\"aspect-ratio:1;object-fit:cover\" srcset=\"https:\/\/skluxury.ma\/wp-content\/uploads\/2026\/03\/06429639ba1dad2d45070c41b508a6b703c27b40.jpg 810w, https:\/\/skluxury.ma\/wp-content\/uploads\/2026\/03\/06429639ba1dad2d45070c41b508a6b703c27b40-169x300.jpg 169w, https:\/\/skluxury.ma\/wp-content\/uploads\/2026\/03\/06429639ba1dad2d45070c41b508a6b703c27b40-576x1024.jpg 576w, https:\/\/skluxury.ma\/wp-content\/uploads\/2026\/03\/06429639ba1dad2d45070c41b508a6b703c27b40-768x1365.jpg 768w, https:\/\/skluxury.ma\/wp-content\/uploads\/2026\/03\/06429639ba1dad2d45070c41b508a6b703c27b40-7x12.jpg 7w\" sizes=\"auto, (max-width: 810px) 100vw, 810px\" \/><\/figure>\n\n\n\n<figure class=\"wp-block-image is-style-ext-preset--image--natural-1--image-1--content-top is-style-ext-preset--image--natural-1--image-1--content-top--8\"><img loading=\"lazy\" decoding=\"async\" width=\"1080\" height=\"1440\" class=\"wp-image-189\" src=\"https:\/\/skluxury.ma\/wp-content\/uploads\/2026\/03\/9ed7f813ff8541ac01a238e40a4a23646b66e2fe.jpg\" alt=\"\" style=\"aspect-ratio:1;object-fit:cover\" srcset=\"https:\/\/skluxury.ma\/wp-content\/uploads\/2026\/03\/9ed7f813ff8541ac01a238e40a4a23646b66e2fe.jpg 1080w, https:\/\/skluxury.ma\/wp-content\/uploads\/2026\/03\/9ed7f813ff8541ac01a238e40a4a23646b66e2fe-225x300.jpg 225w, https:\/\/skluxury.ma\/wp-content\/uploads\/2026\/03\/9ed7f813ff8541ac01a238e40a4a23646b66e2fe-768x1024.jpg 768w, https:\/\/skluxury.ma\/wp-content\/uploads\/2026\/03\/9ed7f813ff8541ac01a238e40a4a23646b66e2fe-9x12.jpg 9w\" sizes=\"auto, (max-width: 1080px) 100vw, 1080px\" \/><\/figure>\n<\/div>\n<\/div>\n<\/div>\n\n<div class=\"wp-block-group alignfull is-style-ext-preset--group--natural-1--section has-background-background-color has-background has-global-padding is-layout-constrained wp-container-core-group-is-layout-e955bbaf wp-block-group-is-layout-constrained\" style=\"margin-top:0;margin-bottom:0;padding-top:var(--wp--preset--spacing--70);padding-bottom:var(--wp--preset--spacing--70)\">\n<div class=\"wp-block-group alignwide ext-is-logical-start has-global-padding is-content-justification-left is-layout-constrained wp-container-core-group-is-layout-6729bdbe wp-block-group-is-layout-constrained\">\n<h2 class=\"wp-block-heading ext-animate--on\">R\u00e9alisations remarquables de nos clients distingu\u00e9s<\/h2>\n\n\n\n<p class=\"ext-animate--on\">D\u00e9couvrez notre m\u00e9thode exclusive en \u00e9tapes, pour que vous puissiez profiter pleinement de nos services luxueux.<\/p>\n<\/div>\n\n\n\n<div class=\"wp-block-media-text alignwide has-media-on-the-right is-stacked-on-mobile is-image-fill-element is-style-ext-preset--media-text--natural-1--card-1 ext-animate--on is-style-ext-preset--media-text--natural-1--card-1--10\"><div class=\"wp-block-media-text__content\">\n<div class=\"wp-block-group alignwide is-vertical is-layout-flex wp-container-core-group-is-layout-53474e87 wp-block-group-is-layout-flex\" style=\"padding-top:var(--wp--preset--spacing--60);padding-bottom:var(--wp--preset--spacing--60)\">\n<div class=\"wp-block-group has-global-padding is-layout-constrained wp-container-core-group-is-layout-812d5580 wp-block-group-is-layout-constrained\" style=\"padding-top:0;padding-right:0;padding-bottom:0;padding-left:0\">\n<h3 class=\"wp-block-heading\">Comment une maison a red\u00e9fini l\u2019\u00e9l\u00e9gance et la croissance<\/h3>\n\n\n\n<p>Cette \u00e9tude d\u00e9voile comment un projet a transform\u00e9 des espaces gr\u00e2ce \u00e0 notre expertise, g\u00e9n\u00e9rant prestige, efficacit\u00e9 et satisfaction client.<\/p>\n<\/div>\n<\/div>\n<\/div><figure class=\"wp-block-media-text__media\"><img loading=\"lazy\" decoding=\"async\" width=\"1280\" height=\"1920\" class=\"wp-image-139 size-full\" src=\"https:\/\/skluxury.ma\/wp-content\/uploads\/2026\/03\/cc2297ed0d976c37cbd460dfe1eedc430439fd68.jpg\" alt=\"\" style=\"object-position:50% 50%\" srcset=\"https:\/\/skluxury.ma\/wp-content\/uploads\/2026\/03\/cc2297ed0d976c37cbd460dfe1eedc430439fd68.jpg 1280w, https:\/\/skluxury.ma\/wp-content\/uploads\/2026\/03\/cc2297ed0d976c37cbd460dfe1eedc430439fd68-200x300.jpg 200w, https:\/\/skluxury.ma\/wp-content\/uploads\/2026\/03\/cc2297ed0d976c37cbd460dfe1eedc430439fd68-683x1024.jpg 683w, https:\/\/skluxury.ma\/wp-content\/uploads\/2026\/03\/cc2297ed0d976c37cbd460dfe1eedc430439fd68-768x1152.jpg 768w, https:\/\/skluxury.ma\/wp-content\/uploads\/2026\/03\/cc2297ed0d976c37cbd460dfe1eedc430439fd68-1024x1536.jpg 1024w, https:\/\/skluxury.ma\/wp-content\/uploads\/2026\/03\/cc2297ed0d976c37cbd460dfe1eedc430439fd68-8x12.jpg 8w\" sizes=\"auto, (max-width: 1280px) 100vw, 1280px\" \/><\/figure><\/div>\n\n\n\n<div class=\"wp-block-media-text alignwide is-stacked-on-mobile is-image-fill-element is-style-ext-preset--media-text--natural-1--card-1 ext-animate--on is-style-ext-preset--media-text--natural-1--card-1--11\" style=\"margin-top:var(--wp--preset--spacing--40)\"><figure class=\"wp-block-media-text__media\"><img loading=\"lazy\" decoding=\"async\" width=\"1280\" height=\"1920\" class=\"wp-image-62 size-full\" src=\"https:\/\/skluxury.ma\/wp-content\/uploads\/2026\/03\/36a54e0622f55fe74c283ea0fec349967e420444.jpg\" alt=\"\" style=\"object-position:50% 50%\" srcset=\"https:\/\/skluxury.ma\/wp-content\/uploads\/2026\/03\/36a54e0622f55fe74c283ea0fec349967e420444.jpg 1280w, https:\/\/skluxury.ma\/wp-content\/uploads\/2026\/03\/36a54e0622f55fe74c283ea0fec349967e420444-200x300.jpg 200w, https:\/\/skluxury.ma\/wp-content\/uploads\/2026\/03\/36a54e0622f55fe74c283ea0fec349967e420444-683x1024.jpg 683w, https:\/\/skluxury.ma\/wp-content\/uploads\/2026\/03\/36a54e0622f55fe74c283ea0fec349967e420444-768x1152.jpg 768w, https:\/\/skluxury.ma\/wp-content\/uploads\/2026\/03\/36a54e0622f55fe74c283ea0fec349967e420444-1024x1536.jpg 1024w\" sizes=\"auto, (max-width: 1280px) 100vw, 1280px\" \/><\/figure><div class=\"wp-block-media-text__content\">\n<div class=\"wp-block-group alignwide is-vertical is-layout-flex wp-container-core-group-is-layout-53474e87 wp-block-group-is-layout-flex\" style=\"padding-top:var(--wp--preset--spacing--60);padding-bottom:var(--wp--preset--spacing--60)\">\n<div class=\"wp-block-group has-global-padding is-layout-constrained wp-container-core-group-is-layout-812d5580 wp-block-group-is-layout-constrained\" style=\"padding-top:0;padding-right:0;padding-bottom:0;padding-left:0\">\n<h3 class=\"wp-block-heading\">Construire un avenir durable gr\u00e2ce \u00e0 un design d&rsquo;exception.<\/h3>\n\n\n\n<p>Analyse approfondie d\u2019une r\u00e9ussite o\u00f9 innovation et luxe ont conduit \u00e0 des r\u00e9sultats hors pair.<\/p>\n<\/div>\n<\/div>\n<\/div><\/div>\n\n\n\n<div class=\"wp-block-media-text alignwide has-media-on-the-right is-stacked-on-mobile is-image-fill-element is-style-ext-preset--media-text--natural-1--card-1 ext-animate--on is-style-ext-preset--media-text--natural-1--card-1--12\" style=\"margin-top:var(--wp--preset--spacing--40)\"><div class=\"wp-block-media-text__content\">\n<div class=\"wp-block-group alignwide is-vertical is-layout-flex wp-container-core-group-is-layout-53474e87 wp-block-group-is-layout-flex\" style=\"padding-top:var(--wp--preset--spacing--60);padding-bottom:var(--wp--preset--spacing--60)\">\n<div class=\"wp-block-group has-global-padding is-layout-constrained wp-container-core-group-is-layout-812d5580 wp-block-group-is-layout-constrained\" style=\"padding-top:0;padding-right:0;padding-bottom:0;padding-left:0\">\n<h3 class=\"wp-block-heading\">R\u00e9inventer l\u2019exp\u00e9rience avec une approche sur mesure<\/h3>\n\n\n\n<p>D\u00e9couvrez comment notre savoir-faire a permis d\u2019optimiser chaque d\u00e9tail, r\u00e9duisant co\u00fbts et sublimant chaque projet.<\/p>\n<\/div>\n<\/div>\n<\/div><figure class=\"wp-block-media-text__media\"><img loading=\"lazy\" decoding=\"async\" width=\"1280\" height=\"1828\" class=\"wp-image-129 size-full\" src=\"https:\/\/skluxury.ma\/wp-content\/uploads\/2026\/03\/2b783ce0fcce64ff67550eff598174e761599f21.jpg\" alt=\"\" style=\"object-position:50% 50%\" srcset=\"https:\/\/skluxury.ma\/wp-content\/uploads\/2026\/03\/2b783ce0fcce64ff67550eff598174e761599f21.jpg 1280w, https:\/\/skluxury.ma\/wp-content\/uploads\/2026\/03\/2b783ce0fcce64ff67550eff598174e761599f21-210x300.jpg 210w, https:\/\/skluxury.ma\/wp-content\/uploads\/2026\/03\/2b783ce0fcce64ff67550eff598174e761599f21-717x1024.jpg 717w, https:\/\/skluxury.ma\/wp-content\/uploads\/2026\/03\/2b783ce0fcce64ff67550eff598174e761599f21-768x1097.jpg 768w, https:\/\/skluxury.ma\/wp-content\/uploads\/2026\/03\/2b783ce0fcce64ff67550eff598174e761599f21-1076x1536.jpg 1076w, https:\/\/skluxury.ma\/wp-content\/uploads\/2026\/03\/2b783ce0fcce64ff67550eff598174e761599f21-8x12.jpg 8w\" sizes=\"auto, (max-width: 1280px) 100vw, 1280px\" \/><\/figure><\/div>\n\n\n\n<div class=\"wp-block-buttons ext-animate--on is-content-justification-center is-layout-flex wp-container-core-buttons-is-layout-a89b3969 wp-block-buttons-is-layout-flex\">\n<div class=\"wp-block-button is-style-ext-preset--button--natural-1--button-1 is-style-ext-preset--button--natural-1--button-1--13\"><a class=\"wp-block-button__link wp-element-button\" href=\"https:\/\/skluxury.ma\/en\/contact\/\">D\u00e9couvrir plus<\/a><\/div>\n<\/div>\n<\/div>","protected":false},"excerpt":{"rendered":"<p>Cr\u00e9ations int\u00e9rieures somptueuses inspir\u00e9es par Studio 54. D\u00e9couvrez l&rsquo;essence de SK Luxury : fusionner \u00e9l\u00e9gance intemporelle et audace pour concevoir des espaces uniques empreints de prestige. D\u00e9couvrez l&rsquo;\u00e9l\u00e9gance ultime de votre int\u00e9rieur. Explorez notre galerie exclusive illustrant le raffinement et le luxe de chaque projet. R\u00e9alisations remarquables de nos clients distingu\u00e9s D\u00e9couvrez notre m\u00e9thode exclusive [&hellip;]<\/p>\n","protected":false},"author":1,"featured_media":0,"parent":0,"menu_order":0,"comment_status":"closed","ping_status":"closed","template":"page-with-title","meta":{"_monsterinsights_skip_tracking":false,"_monsterinsights_sitenote_active":false,"_monsterinsights_sitenote_note":"","_monsterinsights_sitenote_category":0,"footnotes":""},"class_list":["post-164","page","type-page","status-publish","hentry"],"_links":{"self":[{"href":"https:\/\/skluxury.ma\/en\/wp-json\/wp\/v2\/pages\/164","targetHints":{"allow":["GET"]}}],"collection":[{"href":"https:\/\/skluxury.ma\/en\/wp-json\/wp\/v2\/pages"}],"about":[{"href":"https:\/\/skluxury.ma\/en\/wp-json\/wp\/v2\/types\/page"}],"author":[{"embeddable":true,"href":"https:\/\/skluxury.ma\/en\/wp-json\/wp\/v2\/users\/1"}],"replies":[{"embeddable":true,"href":"https:\/\/skluxury.ma\/en\/wp-json\/wp\/v2\/comments?post=164"}],"version-history":[{"count":2,"href":"https:\/\/skluxury.ma\/en\/wp-json\/wp\/v2\/pages\/164\/revisions"}],"predecessor-version":[{"id":190,"href":"https:\/\/skluxury.ma\/en\/wp-json\/wp\/v2\/pages\/164\/revisions\/190"}],"wp:attachment":[{"href":"https:\/\/skluxury.ma\/en\/wp-json\/wp\/v2\/media?parent=164"}],"curies":[{"name":"wp","href":"https:\/\/api.w.org\/{rel}","templated":true}]}}